{"id":6293,"date":"2023-08-21T16:38:24","date_gmt":"2023-08-21T14:38:24","guid":{"rendered":"https:\/\/monexperiencededieu.fr\/?page_id=6293"},"modified":"2023-08-21T16:38:41","modified_gmt":"2023-08-21T14:38:41","slug":"mentions-legales","status":"publish","type":"page","link":"https:\/\/monexperiencededieu.fr\/?page_id=6293","title":{"rendered":"Mentions l\u00e9gales"},"content":{"rendered":"\n<h2 class=\"wp-block-heading\">Mentions l\u00e9gales<\/h2>\n\n\n\n<h4 class=\"wp-block-heading\">\u00c9diteur du site<\/h4>\n\n\n\n<p>Ce site a \u00e9t\u00e9 d\u00e9velopp\u00e9 par Mon exp\u00e9rience de Dieu.<\/p>\n\n\n\n<h4 class=\"wp-block-heading\">H\u00e9bergeur<\/h4>\n\n\n\n<p>OVH SAS est une filiale de la soci\u00e9t\u00e9 OVH Groupe SA, soci\u00e9t\u00e9 immatricul\u00e9e au RCS de Lille sous le num\u00e9ro 537 407 926 sise 2, rue Kellermann, 59100 Roubaix.<\/p>\n\n\n\n<p>Ce site est h\u00e9berg\u00e9 par OVH SAS 2 rue Kellermann &#8211; 59100 Roubaix &#8211; France<\/p>\n\n\n\n<p><\/p>\n\n\n\n<p><em>Directeur de la publication\u00a0:\u00a0Mon exp\u00e9rience de Dieu<\/em><\/p>\n\n\n\n<p><\/p>\n","protected":false},"excerpt":{"rendered":"<p>Mentions l\u00e9gales \u00c9diteur du site Ce site a \u00e9t\u00e9 d\u00e9velopp\u00e9 par Mon exp\u00e9rience de Dieu. H\u00e9bergeur OVH SAS est une filiale de la soci\u00e9t\u00e9 OVH Groupe SA, soci\u00e9t\u00e9 immatricul\u00e9e au RCS de Lille sous le num\u00e9ro 537 407 926 sise 2, rue Kellermann, 59100 Roubaix. Ce site est h\u00e9berg\u00e9 par OVH SAS 2 rue Kellermann &hellip; <\/p>\n<p class=\"link-more\"><a href=\"https:\/\/monexperiencededieu.fr\/?page_id=6293\" class=\"more-link\">Lire la suite de<span class=\"screen-reader-text\">\u00ab\u00a0Mentions l\u00e9gales\u00a0\u00bb<\/span><\/a><\/p>\n","protected":false},"author":1,"featured_media":0,"parent":0,"menu_order":0,"comment_status":"closed","ping_status":"closed","template":"","meta":{"_themeisle_gutenberg_block_has_review":false,"inspiro_hide_title":false,"footnotes":""},"class_list":["post-6293","page","type-page","status-publish","hentry"],"jetpack_sharing_enabled":true,"_links":{"self":[{"href":"https:\/\/monexperiencededieu.fr\/index.php?rest_route=\/wp\/v2\/pages\/6293","targetHints":{"allow":["GET"]}}],"collection":[{"href":"https:\/\/monexperiencededieu.fr\/index.php?rest_route=\/wp\/v2\/pages"}],"about":[{"href":"https:\/\/monexperiencededieu.fr\/index.php?rest_route=\/wp\/v2\/types\/page"}],"author":[{"embeddable":true,"href":"https:\/\/monexperiencededieu.fr\/index.php?rest_route=\/wp\/v2\/users\/1"}],"replies":[{"embeddable":true,"href":"https:\/\/monexperiencededieu.fr\/index.php?rest_route=%2Fwp%2Fv2%2Fcomments&post=6293"}],"version-history":[{"count":2,"href":"https:\/\/monexperiencededieu.fr\/index.php?rest_route=\/wp\/v2\/pages\/6293\/revisions"}],"predecessor-version":[{"id":6296,"href":"https:\/\/monexperiencededieu.fr\/index.php?rest_route=\/wp\/v2\/pages\/6293\/revisions\/6296"}],"wp:attachment":[{"href":"https:\/\/monexperiencededieu.fr\/index.php?rest_route=%2Fwp%2Fv2%2Fmedia&parent=6293"}],"curies":[{"name":"wp","href":"https:\/\/api.w.org\/{rel}","templated":true}]}}