{"id":5954,"date":"2023-07-25T20:14:22","date_gmt":"2023-07-25T18:14:22","guid":{"rendered":"https:\/\/monexperiencededieu.fr\/?page_id=5954"},"modified":"2023-08-21T17:13:41","modified_gmt":"2023-08-21T15:13:41","slug":"devenir-temoin","status":"publish","type":"page","link":"https:\/\/monexperiencededieu.fr\/?page_id=5954","title":{"rendered":"Deviens toi aussi t\u00e9moin-missionnaire de Dieu !"},"content":{"rendered":"\n<figure class=\"wp-block-image alignfull size-full\"><img data-recalc-dims=\"1\" loading=\"lazy\" decoding=\"async\" width=\"950\" height=\"173\" src=\"https:\/\/i0.wp.com\/monexperiencededieu.fr\/wp-content\/uploads\/2023\/08\/BANNIERE-TEMOIN-2.jpg?resize=950%2C173&#038;ssl=1\" alt=\"\" class=\"wp-image-6317\" srcset=\"https:\/\/i0.wp.com\/monexperiencededieu.fr\/wp-content\/uploads\/2023\/08\/BANNIERE-TEMOIN-2.jpg?w=1920&amp;ssl=1 1920w, https:\/\/i0.wp.com\/monexperiencededieu.fr\/wp-content\/uploads\/2023\/08\/BANNIERE-TEMOIN-2.jpg?resize=300%2C55&amp;ssl=1 300w, https:\/\/i0.wp.com\/monexperiencededieu.fr\/wp-content\/uploads\/2023\/08\/BANNIERE-TEMOIN-2.jpg?resize=1024%2C187&amp;ssl=1 1024w, https:\/\/i0.wp.com\/monexperiencededieu.fr\/wp-content\/uploads\/2023\/08\/BANNIERE-TEMOIN-2.jpg?resize=768%2C140&amp;ssl=1 768w, https:\/\/i0.wp.com\/monexperiencededieu.fr\/wp-content\/uploads\/2023\/08\/BANNIERE-TEMOIN-2.jpg?resize=1536%2C280&amp;ssl=1 1536w, https:\/\/i0.wp.com\/monexperiencededieu.fr\/wp-content\/uploads\/2023\/08\/BANNIERE-TEMOIN-2.jpg?resize=24%2C4&amp;ssl=1 24w, https:\/\/i0.wp.com\/monexperiencededieu.fr\/wp-content\/uploads\/2023\/08\/BANNIERE-TEMOIN-2.jpg?resize=36%2C7&amp;ssl=1 36w, https:\/\/i0.wp.com\/monexperiencededieu.fr\/wp-content\/uploads\/2023\/08\/BANNIERE-TEMOIN-2.jpg?resize=48%2C9&amp;ssl=1 48w\" sizes=\"auto, (max-width: 950px) 100vw, 950px\" \/><\/figure>\n\n\n\n<p class=\"has-text-align-center\">Rejoins toute la communaut\u00e9 Mon exp\u00e9rience de Dieu ! <br>Raconte nous une anecdote, une exp\u00e9rience qui t&#8217;a touch\u00e9 dans ta vie. <\/p>\n\n\n\n<h3 class=\"wp-block-heading has-text-align-center\"><strong><a rel=\"noreferrer noopener\" href=\"mailto:monexperiencededieu@gmail.com\" data-type=\"mailto\" data-id=\"mailto:monexperiencededieu@gmail.com\" target=\"_blank\">Envoie-nous un mail<\/a> <\/strong><br><strong>pour prendre contact avec notre \u00e9quipe Mon exp\u00e9rience de Dieu pour qu&#8217;on puisse t&#8217;envoyer toutes les informations n\u00e9cessaires au tournage de ta vid\u00e9o ! <\/strong><\/h3>\n\n\n\n<div style=\"height:100px\" aria-hidden=\"true\" class=\"wp-block-spacer\"><\/div>\n","protected":false},"excerpt":{"rendered":"<p>Rejoins toute la communaut\u00e9 Mon exp\u00e9rience de Dieu ! Raconte nous une anecdote, une exp\u00e9rience qui t&#8217;a touch\u00e9 dans ta vie. Envoie-nous un mail pour prendre contact avec notre \u00e9quipe Mon exp\u00e9rience de Dieu pour qu&#8217;on puisse t&#8217;envoyer toutes les informations n\u00e9cessaires au tournage de ta vid\u00e9o !<\/p>\n","protected":false},"author":1,"featured_media":0,"parent":0,"menu_order":0,"comment_status":"closed","ping_status":"closed","template":"","meta":{"_themeisle_gutenberg_block_has_review":false,"inspiro_hide_title":false,"footnotes":""},"class_list":["post-5954","page","type-page","status-publish","hentry"],"jetpack_sharing_enabled":true,"_links":{"self":[{"href":"https:\/\/monexperiencededieu.fr\/index.php?rest_route=\/wp\/v2\/pages\/5954","targetHints":{"allow":["GET"]}}],"collection":[{"href":"https:\/\/monexperiencededieu.fr\/index.php?rest_route=\/wp\/v2\/pages"}],"about":[{"href":"https:\/\/monexperiencededieu.fr\/index.php?rest_route=\/wp\/v2\/types\/page"}],"author":[{"embeddable":true,"href":"https:\/\/monexperiencededieu.fr\/index.php?rest_route=\/wp\/v2\/users\/1"}],"replies":[{"embeddable":true,"href":"https:\/\/monexperiencededieu.fr\/index.php?rest_route=%2Fwp%2Fv2%2Fcomments&post=5954"}],"version-history":[{"count":14,"href":"https:\/\/monexperiencededieu.fr\/index.php?rest_route=\/wp\/v2\/pages\/5954\/revisions"}],"predecessor-version":[{"id":6318,"href":"https:\/\/monexperiencededieu.fr\/index.php?rest_route=\/wp\/v2\/pages\/5954\/revisions\/6318"}],"wp:attachment":[{"href":"https:\/\/monexperiencededieu.fr\/index.php?rest_route=%2Fwp%2Fv2%2Fmedia&parent=5954"}],"curies":[{"name":"wp","href":"https:\/\/api.w.org\/{rel}","templated":true}]}}